{"id":398,"date":"2019-05-24T04:29:54","date_gmt":"2019-05-24T04:29:54","guid":{"rendered":"http:\/\/templatebundle.net\/wp\/moto\/netw2\/garden-care\/?page_id=6"},"modified":"2024-05-21T23:02:21","modified_gmt":"2024-05-21T21:02:21","slug":"about","status":"publish","type":"page","link":"https:\/\/ps-ogrody.com.pl\/?page_id=398","title":{"rendered":"O nas"},"content":{"rendered":"<div class=\"wpb-content-wrapper\"><p>[vc_row css=&#8221;.vc_custom_1636800689204{margin-top: -7px !important;}&#8221;][vc_column width=&#8221;1\/2&#8243;][vc_single_image image=&#8221;641&#8243; img_size=&#8221;full&#8221;][\/vc_column][vc_column width=&#8221;1\/2&#8243;]<section class=\"pixel_fancy_heading text-center no_border pixel_69e5047edc832\"><h2>PS-OGRODY<\/h2><\/section><div class=\"pixel_69e5047edc852\"><\/div>[vc_column_text]<\/p>\n<p style=\"text-align: center;\">Jeste\u015bmy firm\u0105, kt\u00f3ra od dziesi\u0119ciu lat z pasj\u0105 i zaanga\u017cowaniem zajmuje si\u0119 projektowaniem i zak\u0142adaniem ogrod\u00f3w przydomowych na terenie wojew\u00f3dztwa lubelskiego. Nasza misja polega na tworzeniu unikalnych, funkcjonalnych i estetycznych przestrzeni, kt\u00f3re spe\u0142niaj\u0105 indywidualne potrzeby i marzenia naszych klient\u00f3w. Ka\u017cdy ogr\u00f3d traktujemy jako wyj\u0105tkow\u0105 przestrze\u0144, kt\u00f3ra powinna odzwierciedla\u0107 styl \u017cycia i osobowo\u015b\u0107 jego w\u0142a\u015bcicieli.<\/p>\n<p>&nbsp;<\/p>\n<p style=\"text-align: center;\">Nasza oferta obejmuje kompleksowe us\u0142ugi projektowania ogrod\u00f3w, w tym wsp\u00f3\u0142prac\u0119 z klientami na ka\u017cdym etapie, od wst\u0119pnych koncepcji po finalny projekt. Tworzymy ogrody o r\u00f3\u017cnorodnych stylach \u2013 od nowoczesnych, minimalistycznych przestrzeni po klasyczne, romantyczne aran\u017cacje. Przy tworzeniu projekt\u00f3w uwzgl\u0119dniamy nie tylko estetyk\u0119, ale tak\u017ce funkcjonalno\u015b\u0107 i zasady zr\u00f3wnowa\u017conego rozwoju.<\/p>\n<p>&nbsp;<\/p>\n<p style=\"text-align: center;\">Realizacja projekt\u00f3w ogrod\u00f3w to proces wymagaj\u0105cy precyzji, wiedzy i do\u015bwiadczenia. Oferujemy kompleksowe zak\u0142adanie ogrod\u00f3w, obejmuj\u0105ce przygotowanie terenu, sadzenie ro\u015blin, instalacj\u0119 system\u00f3w nawadniaj\u0105cych oraz zak\u0142adanie trawnik\u00f3w z darni rolowanej oraz z siewu. Nasze do\u015bwiadczenie gwarantuje, \u017ce ka\u017cdy element ogrodu zostanie starannie wykonany, co zapewnia d\u0142ugotrwa\u0142y efekt i zadowolenie.<\/p>\n<p>&nbsp;<\/p>\n<p style=\"text-align: center;\">Przez lata dzia\u0142alno\u015bci PS-OGRODY zdoby\u0142o zaufanie i uznanie wielu klient\u00f3w. Ich pozytywne opinie i rekomendacje s\u0105 dla nas najlepszym dowodem na to, \u017ce nasza praca przynosi oczekiwane rezultaty i satysfakcj\u0119. Je\u015bli marzysz o wymarzonym ogrodzie, kt\u00f3ry b\u0119dzie Twoj\u0105 oaz\u0105 spokoju i relaksu, zapraszamy do kontaktu. Razem stworzymy przestrze\u0144, kt\u00f3ra b\u0119dzie cieszy\u0107 oko i serce przez wiele lat.<\/p>\n<p>&nbsp;<\/p>\n<p style=\"text-align: center;\">Zach\u0119camy to skorzystania z naszych us\u0142ug.<\/p>\n<p>[\/vc_column_text]<div class=\"pixel_69e5047edc857\"><\/div>[\/vc_column][\/vc_row]<\/p>\n<\/div>","protected":false},"excerpt":{"rendered":"<p>[vc_row css=&#8221;.vc_custom_1636800689204{margin-top: -7px !important;}&#8221;][vc_column width=&#8221;1\/2&#8243;][vc_single_image image=&#8221;641&#8243; img_size=&#8221;full&#8221;][\/vc_column][vc_column width=&#8221;1\/2&#8243;][vc_column_text] Jeste\u015bmy firm\u0105, kt\u00f3ra od dziesi\u0119ciu lat z pasj\u0105 i zaanga\u017cowaniem zajmuje si\u0119.<\/p>\n","protected":false},"author":1,"featured_media":0,"parent":0,"menu_order":0,"comment_status":"closed","ping_status":"closed","template":"","meta":{"footnotes":""},"class_list":["post-398","page","type-page","status-publish","hentry"],"yoast_head":"<!-- This site is optimized with the Yoast SEO plugin v22.7 - https:\/\/yoast.com\/wordpress\/plugins\/seo\/ -->\n<title>O nas - ps-ogrody<\/title>\n<meta name=\"robots\" content=\"index, follow, max-snippet:-1, max-image-preview:large, max-video-preview:-1\" \/>\n<link rel=\"canonical\" href=\"https:\/\/ps-ogrody.com.pl\/?page_id=398\" \/>\n<meta property=\"og:locale\" content=\"en_US\" \/>\n<meta property=\"og:type\" content=\"article\" \/>\n<meta property=\"og:title\" content=\"O nas - ps-ogrody\" \/>\n<meta property=\"og:description\" content=\"[vc_row css=&#8221;.vc_custom_1636800689204{margin-top: -7px !important;}&#8221;][vc_column width=&#8221;1\/2&#8243;][vc_single_image image=&#8221;641&#8243; img_size=&#8221;full&#8221;][\/vc_column][vc_column width=&#8221;1\/2&#8243;][vc_column_text] Jeste\u015bmy firm\u0105, kt\u00f3ra od dziesi\u0119ciu lat z pasj\u0105 i zaanga\u017cowaniem zajmuje si\u0119.\" \/>\n<meta property=\"og:url\" content=\"https:\/\/ps-ogrody.com.pl\/?page_id=398\" \/>\n<meta property=\"og:site_name\" content=\"ps-ogrody\" \/>\n<meta property=\"article:modified_time\" content=\"2024-05-21T21:02:21+00:00\" \/>\n<meta name=\"twitter:card\" content=\"summary_large_image\" \/>\n<meta name=\"twitter:label1\" content=\"Est. reading time\" \/>\n\t<meta name=\"twitter:data1\" content=\"2 minutes\" \/>\n<script type=\"application\/ld+json\" class=\"yoast-schema-graph\">{\"@context\":\"https:\/\/schema.org\",\"@graph\":[{\"@type\":\"WebPage\",\"@id\":\"https:\/\/ps-ogrody.com.pl\/?page_id=398\",\"url\":\"https:\/\/ps-ogrody.com.pl\/?page_id=398\",\"name\":\"O nas - ps-ogrody\",\"isPartOf\":{\"@id\":\"http:\/\/ps-ogrody.com.pl\/#website\"},\"datePublished\":\"2019-05-24T04:29:54+00:00\",\"dateModified\":\"2024-05-21T21:02:21+00:00\",\"breadcrumb\":{\"@id\":\"https:\/\/ps-ogrody.com.pl\/?page_id=398#breadcrumb\"},\"inLanguage\":\"en-US\",\"potentialAction\":[{\"@type\":\"ReadAction\",\"target\":[\"https:\/\/ps-ogrody.com.pl\/?page_id=398\"]}]},{\"@type\":\"BreadcrumbList\",\"@id\":\"https:\/\/ps-ogrody.com.pl\/?page_id=398#breadcrumb\",\"itemListElement\":[{\"@type\":\"ListItem\",\"position\":1,\"name\":\"Strona g\u0142\u00f3wna\",\"item\":\"http:\/\/ps-ogrody.com.pl\/\"},{\"@type\":\"ListItem\",\"position\":2,\"name\":\"O nas\"}]},{\"@type\":\"WebSite\",\"@id\":\"http:\/\/ps-ogrody.com.pl\/#website\",\"url\":\"http:\/\/ps-ogrody.com.pl\/\",\"name\":\"ps-ogrody\",\"description\":\"\",\"potentialAction\":[{\"@type\":\"SearchAction\",\"target\":{\"@type\":\"EntryPoint\",\"urlTemplate\":\"http:\/\/ps-ogrody.com.pl\/?s={search_term_string}\"},\"query-input\":\"required name=search_term_string\"}],\"inLanguage\":\"en-US\"}]}<\/script>\n<!-- \/ Yoast SEO plugin. -->","yoast_head_json":{"title":"O nas - ps-ogrody","robots":{"index":"index","follow":"follow","max-snippet":"max-snippet:-1","max-image-preview":"max-image-preview:large","max-video-preview":"max-video-preview:-1"},"canonical":"https:\/\/ps-ogrody.com.pl\/?page_id=398","og_locale":"en_US","og_type":"article","og_title":"O nas - ps-ogrody","og_description":"[vc_row css=&#8221;.vc_custom_1636800689204{margin-top: -7px !important;}&#8221;][vc_column width=&#8221;1\/2&#8243;][vc_single_image image=&#8221;641&#8243; img_size=&#8221;full&#8221;][\/vc_column][vc_column width=&#8221;1\/2&#8243;][vc_column_text] Jeste\u015bmy firm\u0105, kt\u00f3ra od dziesi\u0119ciu lat z pasj\u0105 i zaanga\u017cowaniem zajmuje si\u0119.","og_url":"https:\/\/ps-ogrody.com.pl\/?page_id=398","og_site_name":"ps-ogrody","article_modified_time":"2024-05-21T21:02:21+00:00","twitter_card":"summary_large_image","twitter_misc":{"Est. reading time":"2 minutes"},"schema":{"@context":"https:\/\/schema.org","@graph":[{"@type":"WebPage","@id":"https:\/\/ps-ogrody.com.pl\/?page_id=398","url":"https:\/\/ps-ogrody.com.pl\/?page_id=398","name":"O nas - ps-ogrody","isPartOf":{"@id":"http:\/\/ps-ogrody.com.pl\/#website"},"datePublished":"2019-05-24T04:29:54+00:00","dateModified":"2024-05-21T21:02:21+00:00","breadcrumb":{"@id":"https:\/\/ps-ogrody.com.pl\/?page_id=398#breadcrumb"},"inLanguage":"en-US","potentialAction":[{"@type":"ReadAction","target":["https:\/\/ps-ogrody.com.pl\/?page_id=398"]}]},{"@type":"BreadcrumbList","@id":"https:\/\/ps-ogrody.com.pl\/?page_id=398#breadcrumb","itemListElement":[{"@type":"ListItem","position":1,"name":"Strona g\u0142\u00f3wna","item":"http:\/\/ps-ogrody.com.pl\/"},{"@type":"ListItem","position":2,"name":"O nas"}]},{"@type":"WebSite","@id":"http:\/\/ps-ogrody.com.pl\/#website","url":"http:\/\/ps-ogrody.com.pl\/","name":"ps-ogrody","description":"","potentialAction":[{"@type":"SearchAction","target":{"@type":"EntryPoint","urlTemplate":"http:\/\/ps-ogrody.com.pl\/?s={search_term_string}"},"query-input":"required name=search_term_string"}],"inLanguage":"en-US"}]}},"_links":{"self":[{"href":"https:\/\/ps-ogrody.com.pl\/index.php?rest_route=\/wp\/v2\/pages\/398","targetHints":{"allow":["GET"]}}],"collection":[{"href":"https:\/\/ps-ogrody.com.pl\/index.php?rest_route=\/wp\/v2\/pages"}],"about":[{"href":"https:\/\/ps-ogrody.com.pl\/index.php?rest_route=\/wp\/v2\/types\/page"}],"author":[{"embeddable":true,"href":"https:\/\/ps-ogrody.com.pl\/index.php?rest_route=\/wp\/v2\/users\/1"}],"replies":[{"embeddable":true,"href":"https:\/\/ps-ogrody.com.pl\/index.php?rest_route=%2Fwp%2Fv2%2Fcomments&post=398"}],"version-history":[{"count":11,"href":"https:\/\/ps-ogrody.com.pl\/index.php?rest_route=\/wp\/v2\/pages\/398\/revisions"}],"predecessor-version":[{"id":779,"href":"https:\/\/ps-ogrody.com.pl\/index.php?rest_route=\/wp\/v2\/pages\/398\/revisions\/779"}],"wp:attachment":[{"href":"https:\/\/ps-ogrody.com.pl\/index.php?rest_route=%2Fwp%2Fv2%2Fmedia&parent=398"}],"curies":[{"name":"wp","href":"https:\/\/api.w.org\/{rel}","templated":true}]}}