{"id":397,"date":"2019-05-24T04:29:39","date_gmt":"2019-05-24T04:29:39","guid":{"rendered":"http:\/\/templatebundle.net\/wp\/moto\/netw2\/garden-care\/?page_id=4"},"modified":"2024-05-21T22:30:43","modified_gmt":"2024-05-21T20:30:43","slug":"home","status":"publish","type":"page","link":"https:\/\/ps-ogrody.com.pl\/","title":{"rendered":"Strona G\u0142\u00f3wna"},"content":{"rendered":"<div class=\"wpb-content-wrapper\"><p>[vc_row][vc_column]\n\t\t\t<!-- START Garden Slider REVOLUTION SLIDER 6.6.20 --><p class=\"rs-p-wp-fix\"><\/p>\n\t\t\t<rs-module-wrap id=\"rev_slider_1_1_wrapper\" data-source=\"gallery\" style=\"visibility:hidden;background:transparent;padding:0;margin:0px auto;margin-top:0;margin-bottom:0;\">\n\t\t\t\t<rs-module id=\"rev_slider_1_1\" style=\"\" data-version=\"6.6.20\">\n\t\t\t\t\t<rs-slides style=\"overflow: hidden; position: absolute;\">\n\t\t\t\t\t\t<rs-slide style=\"position: absolute;\" data-key=\"rs-2\" data-title=\"Slide\" data-anim=\"f:random;\" data-in=\"o:0;sx:1.1;sy:1.1;m:true;row:5;col:5;\" data-out=\"a:false;\" data-alttrans=\"slidingoverlayleft\">\n\t\t\t\t\t\t\t<img decoding=\"async\" src=\"\/\/ps-ogrody.com.pl\/wp-content\/plugins\/revslider\/public\/assets\/assets\/dummy.png\" alt=\"\" title=\"916d1f59-7667-47da-9653-0a5ed9986dc0\" width=\"2048\" height=\"1434\" class=\"rev-slidebg tp-rs-img rs-lazyload\" data-lazyload=\"\/\/ps-ogrody.com.pl\/wp-content\/uploads\/2024\/05\/916d1f59-7667-47da-9653-0a5ed9986dc0.jpg\" data-no-retina>\n<!--\n\t\t\t\t\t\t\t--><rs-layer\n\t\t\t\t\t\t\t\tid=\"slider-1-slide-2-layer-1\" \n\t\t\t\t\t\t\t\tdata-type=\"text\"\n\t\t\t\t\t\t\t\tdata-rsp_ch=\"on\"\n\t\t\t\t\t\t\t\tdata-xy=\"x:c;xo:488px,488px,488px,0;yo:204px,204px,204px,301px;\"\n\t\t\t\t\t\t\t\tdata-text=\"s:30,30,30,28;l:48;fw:300,300,300,700;a:inherit;\"\n\t\t\t\t\t\t\t\tdata-dim=\"w:1288px,1288px,1288px,auto;h:308px,308px,308px,auto;\"\n\t\t\t\t\t\t\t\tdata-frame_0=\"o:1;\"\n\t\t\t\t\t\t\t\tdata-frame_0_chars=\"d:5;x:105%;o:1;rX:45deg;rY:0deg;rZ:90deg;\"\n\t\t\t\t\t\t\t\tdata-frame_0_mask=\"u:t;\"\n\t\t\t\t\t\t\t\tdata-frame_1=\"e:power4.inOut;st:1120;sp:1500;sR:1120;\"\n\t\t\t\t\t\t\t\tdata-frame_1_chars=\"d:5;\"\n\t\t\t\t\t\t\t\tdata-frame_1_mask=\"u:t;\"\n\t\t\t\t\t\t\t\tdata-frame_999=\"o:0;st:w;sR:5530;\"\n\t\t\t\t\t\t\t\tstyle=\"z-index:5;font-family:'Karla';font-style:italic;\"\n\t\t\t\t\t\t\t>\"Najwa\u017cniejsz\u0105 cech\u0105 ogrodnik\u00f3w jest to, <br>\u017ce zawsze patrz\u0105 optymistycznie, <br>zawsze s\u0105 przedsi\u0119biorczy<br> i nigdy nie s\u0105 usatysfakcjonowani.<br>Ci\u0105gle chc\u0105 zrobi\u0107 co\u015b lepiej <br>ni\u017c kiedykolwiek wcze\u015bniej\" \n\t\t\t\t\t\t\t<\/rs-layer><!--\n-->\t\t\t\t\t\t<\/rs-slide>\n\t\t\t\t\t<\/rs-slides>\n\t\t\t\t<\/rs-module>\n\t\t\t\t<script>\n\t\t\t\t\tsetREVStartSize({c: 'rev_slider_1_1',rl:[1240,1240,778,480],el:[800,800,800,720],gw:[1240,1240,778,480],gh:[800,800,800,720],type:'standard',justify:'',layout:'fullwidth',mh:\"0\"});if (window.RS_MODULES!==undefined && window.RS_MODULES.modules!==undefined && window.RS_MODULES.modules[\"revslider11\"]!==undefined) {window.RS_MODULES.modules[\"revslider11\"].once = false;window.revapi1 = undefined;if (window.RS_MODULES.checkMinimal!==undefined) window.RS_MODULES.checkMinimal()}\n\t\t\t\t<\/script>\n\t\t\t<\/rs-module-wrap>\n\t\t\t<!-- END REVOLUTION SLIDER -->\n<div class=\"pixel_69e4ec232e87e\"><\/div>[\/vc_column][\/vc_row][vc_row motov4_responsive=&#8221;true&#8221;][vc_column width=&#8221;1\/3&#8243;][\/vc_column][vc_column width=&#8221;2\/3&#8243; css=&#8221;.vc_custom_1716140978435{background-position: center !important;background-repeat: no-repeat !important;background-size: cover !important;}&#8221; offset=&#8221;vc_col-md-5&#8243; el_class=&#8221;text-center&#8221;]<div class=\"pixel_69e4ec232e88e\"><\/div><section class=\"pixel_fancy_heading text-center no_border pixel_69e4ec232e89e\"><h4>Witaj w<\/h4><\/section><section class=\"pixel_fancy_heading text-center no_border pixel_69e4ec232e8b6\"><h2>ps-ogrody<\/h2><\/section>[vc_column_text css=&#8221;.vc_custom_1716141334927{margin-top: 20px !important;}&#8221;]<\/p>\n<p style=\"text-align: center;\">Oferujemy \u00a0kompleksowe us\u0142ugi zwi\u0105zanie z zagospodarowaniem przestrzeni wok\u00f3\u0142 domu. Dzi\u0119ki nowoczesnym rozwi\u0105zaniom gwarantujemy wysok\u0105 jako\u015b\u0107 us\u0142ug i satysfakcje naszych klient\u00f3w.<\/p>\n<p>[\/vc_column_text]<a href=http:\/\/ps-ogrody.com.pl\/?page_id=398 class=\"pixel_button  text-capitalize pixel_69e4ec232e8c9\" ><span>Wi\u0119cej<\/span><\/a><div class=\"pixel_69e4ec232e8d4\"><\/div>[\/vc_column][\/vc_row][vc_row full_width=&#8221;stretch_row&#8221; css=&#8221;.vc_custom_1558698090008{background-color: #f9f9f9 !important;}&#8221;][vc_column]<div class=\"pixel_69e4ec232e8d8\"><\/div><section class=\"pixel_fancy_heading text-center no_border pixel_69e4ec232e8de\"><h2>Us\u0142ugi<\/h2><\/section><div class=\"pixel_69e4ec232e8e4\"><\/div><div class=\"pixel_team_69e4ec232e8ec row\"><div class=\"col-sm-6 col-lg-3 col-md-4\">\r\n\t\t\t\t<div class=\"pixel_member_69e4ec232e95b pixel_team_section\">\r\n\t\t\t\t\t<div class=\"pixel_team_img\"><img decoding=\"async\" src=\"https:\/\/ps-ogrody.com.pl\/wp-content\/uploads\/2024\/05\/Projekt-bez-nazwy-44-378x452-268x320.png\" alt=\"Projektowanie ogrod\u00f3w\" class=\"img-fluid\"><\/div>\r\n\t\t\t\t\t<div class=\"pixel_team_text\"><h3 class=\"pixel_tem_mem\">Projektowanie ogrod\u00f3w<\/h3>\r\n\t\t\t\t\t\t\t\t<h4 class=\"pixel_tem_desig\"><\/h4><\/div><\/div>\r\n\t\t\t<\/div><div class=\"col-sm-6 col-lg-3 col-md-4\">\r\n\t\t\t\t<div class=\"pixel_member_69e4ec2344eee pixel_team_section\">\r\n\t\t\t\t\t<div class=\"pixel_team_img\"><img decoding=\"async\" src=\"https:\/\/ps-ogrody.com.pl\/wp-content\/uploads\/2024\/05\/68646e7b-6574-42ad-8923-4546b0239077-378x452-268x320.jpg\" alt=\"Zak\u0142adanie ogrod\u00f3w\" class=\"img-fluid\"><\/div>\r\n\t\t\t\t\t<div class=\"pixel_team_text\"><h3 class=\"pixel_tem_mem\">Zak\u0142adanie ogrod\u00f3w<\/h3>\r\n\t\t\t\t\t\t\t\t<h4 class=\"pixel_tem_desig\"><\/h4><\/div><\/div>\r\n\t\t\t<\/div><div class=\"col-sm-6 col-lg-3 col-md-4\">\r\n\t\t\t\t<div class=\"pixel_member_69e4ec23581f4 pixel_team_section\">\r\n\t\t\t\t\t<div class=\"pixel_team_img\"><img decoding=\"async\" src=\"https:\/\/ps-ogrody.com.pl\/wp-content\/uploads\/2024\/05\/Projekt-bez-nazwy-43-378x452-268x320.png\" alt=\"Automatyczne systemy nawadniaj\u0105ce\" class=\"img-fluid\"><\/div>\r\n\t\t\t\t\t<div class=\"pixel_team_text\"><h3 class=\"pixel_tem_mem\">Automatyczne systemy nawadniaj\u0105ce<\/h3>\r\n\t\t\t\t\t\t\t\t<h4 class=\"pixel_tem_desig\"><\/h4><\/div><\/div>\r\n\t\t\t<\/div><div class=\"col-sm-6 col-lg-3 col-md-4\">\r\n\t\t\t\t<div class=\"pixel_member_69e4ec235eff6 pixel_team_section\">\r\n\t\t\t\t\t<div class=\"pixel_team_img\"><img decoding=\"async\" src=\"https:\/\/ps-ogrody.com.pl\/wp-content\/uploads\/2024\/05\/9d0e87f3-3173-4df7-90f4-20470caf5e8f-378x452-268x320.jpg\" alt=\"Trawniki z siewu\" class=\"img-fluid\"><\/div>\r\n\t\t\t\t\t<div class=\"pixel_team_text\"><h3 class=\"pixel_tem_mem\">Trawniki z siewu<\/h3>\r\n\t\t\t\t\t\t\t\t<h4 class=\"pixel_tem_desig\"><\/h4><\/div><\/div>\r\n\t\t\t<\/div><\/div><div class=\"pixel_team_69e4ec236497d row\"><div class=\"col-sm-6 col-lg-3 col-md-4\">\r\n\t\t\t\t<div class=\"pixel_member_69e4ec236499d pixel_team_section\">\r\n\t\t\t\t\t<div class=\"pixel_team_img\"><img decoding=\"async\" src=\"https:\/\/ps-ogrody.com.pl\/wp-content\/uploads\/2024\/05\/322d63ce-1afd-4008-a432-d98181eddaba-378x452-268x320.jpg\" alt=\"Trawniki z rolki\" class=\"img-fluid\"><\/div>\r\n\t\t\t\t\t<div class=\"pixel_team_text\"><h3 class=\"pixel_tem_mem\">Trawniki z rolki<\/h3>\r\n\t\t\t\t\t\t\t\t<h4 class=\"pixel_tem_desig\"><\/h4><\/div><\/div>\r\n\t\t\t<\/div><div class=\"col-sm-6 col-lg-3 col-md-4\">\r\n\t\t\t\t<div class=\"pixel_member_69e4ec2368d36 pixel_team_section\">\r\n\t\t\t\t\t<div class=\"pixel_team_img\"><img decoding=\"async\" src=\"https:\/\/ps-ogrody.com.pl\/wp-content\/uploads\/2024\/05\/d14e9fc2-0072-4fbc-9a04-9bb3035743a8-378x452-268x320.jpg\" alt=\"Architektura ogrodowa\" class=\"img-fluid\"><\/div>\r\n\t\t\t\t\t<div class=\"pixel_team_text\"><h3 class=\"pixel_tem_mem\">Architektura ogrodowa<\/h3>\r\n\t\t\t\t\t\t\t\t<h4 class=\"pixel_tem_desig\"><\/h4><\/div><\/div>\r\n\t\t\t<\/div><div class=\"col-sm-6 col-lg-3 col-md-4\">\r\n\t\t\t\t<div class=\"pixel_member_69e4ec236edfe pixel_team_section\">\r\n\t\t\t\t\t<div class=\"pixel_team_img\"><img decoding=\"async\" src=\"https:\/\/ps-ogrody.com.pl\/wp-content\/uploads\/2024\/05\/Projekt-bez-nazwy-30-378x452-268x320.png\" alt=\"Piel\u0119gnacja ogrod\u00f3w\" class=\"img-fluid\"><\/div>\r\n\t\t\t\t\t<div class=\"pixel_team_text\"><h3 class=\"pixel_tem_mem\">Piel\u0119gnacja ogrod\u00f3w<\/h3>\r\n\t\t\t\t\t\t\t\t<h4 class=\"pixel_tem_desig\"><\/h4><\/div><\/div>\r\n\t\t\t<\/div><\/div><div class=\"pixel_69e4ec2377b03\"><\/div>[\/vc_column][\/vc_row][vc_row full_width=&#8221;stretch_row&#8221; css=&#8221;.vc_custom_1558688800919{background-color: #f9f9f9 !important;}&#8221;][vc_column][\/vc_column][\/vc_row][vc_row][vc_column]<div class=\"pixel_69e4ec2377b0a\"><\/div><section class=\"pixel_fancy_heading text-center no_border pixel_69e4ec2377b17\"><h2>Nasze Realizacje<\/h2><\/section><div class=\"pixel_69e4ec2377b28\"><\/div><div class=\"pixel_gal_wrapper\" data-port_style=\"boxed\"><div class=\"row pixel_grid_wrapper\"><div class=\"col-xs-12 col-sm-12 col-md-6 col-lg-3 pixel_left_padder_15 pixel_right_padder_15 pixel_btm_marger30 \"><div class=\"pixel_gal_box\">\r\n\t\t\t\t\t\t\t<div class=\"pixel_gallery_img\">\r\n\t\t\t\t\t\t\t\t<img decoding=\"async\" src=\"https:\/\/ps-ogrody.com.pl\/wp-content\/uploads\/2024\/06\/533605af-c404-498f-ad2e-03fe6b5729dc-570x570-483x483.jpeg\" alt=\"\" class=\"img-fluid\" \/><div class=\"pixel_gal_icon\"><span class=\"pixel_gal_zoom\"><a href=\"https:\/\/ps-ogrody.com.pl\/wp-content\/uploads\/2024\/06\/533605af-c404-498f-ad2e-03fe6b5729dc.jpeg\"><i class=\"fa fa-plus\" aria-hidden=\"true\"><\/i><\/a><\/span><\/div><div class=\"pixel_gal_overlay\"><\/div><\/div><\/div>\r\n\t\t\t\t<\/div><div class=\"col-xs-12 col-sm-12 col-md-6 col-lg-3 pixel_left_padder_15 pixel_right_padder_15 pixel_btm_marger30 \"><div class=\"pixel_gal_box\">\r\n\t\t\t\t\t\t\t<div class=\"pixel_gallery_img\">\r\n\t\t\t\t\t\t\t\t<img decoding=\"async\" src=\"https:\/\/ps-ogrody.com.pl\/wp-content\/uploads\/2024\/06\/bf1eaccc-5fdb-4ce5-bdd5-8d078ae10d61-570x570-483x483.jpeg\" alt=\"\" class=\"img-fluid\" \/><div class=\"pixel_gal_icon\"><span class=\"pixel_gal_zoom\"><a href=\"https:\/\/ps-ogrody.com.pl\/wp-content\/uploads\/2024\/06\/bf1eaccc-5fdb-4ce5-bdd5-8d078ae10d61.jpeg\"><i class=\"fa fa-plus\" aria-hidden=\"true\"><\/i><\/a><\/span><\/div><div class=\"pixel_gal_overlay\"><\/div><\/div><\/div>\r\n\t\t\t\t<\/div><div class=\"col-xs-12 col-sm-12 col-md-6 col-lg-3 pixel_left_padder_15 pixel_right_padder_15 pixel_btm_marger30 \"><div class=\"pixel_gal_box\">\r\n\t\t\t\t\t\t\t<div class=\"pixel_gallery_img\">\r\n\t\t\t\t\t\t\t\t<img decoding=\"async\" src=\"https:\/\/ps-ogrody.com.pl\/wp-content\/uploads\/2024\/06\/3e0d2481-a870-427a-b1db-b76fea7f6427-570x570-483x483.jpeg\" alt=\"\" class=\"img-fluid\" \/><div class=\"pixel_gal_icon\"><span class=\"pixel_gal_zoom\"><a href=\"https:\/\/ps-ogrody.com.pl\/wp-content\/uploads\/2024\/06\/3e0d2481-a870-427a-b1db-b76fea7f6427.jpeg\"><i class=\"fa fa-plus\" aria-hidden=\"true\"><\/i><\/a><\/span><\/div><div class=\"pixel_gal_overlay\"><\/div><\/div><\/div>\r\n\t\t\t\t<\/div><div class=\"col-xs-12 col-sm-12 col-md-6 col-lg-3 pixel_left_padder_15 pixel_right_padder_15 pixel_btm_marger30 \"><div class=\"pixel_gal_box\">\r\n\t\t\t\t\t\t\t<div class=\"pixel_gallery_img\">\r\n\t\t\t\t\t\t\t\t<img decoding=\"async\" src=\"https:\/\/ps-ogrody.com.pl\/wp-content\/uploads\/2024\/06\/12132b9d-07e4-4968-a3cd-d62ff883d000-570x570-483x483.jpeg\" alt=\"\" class=\"img-fluid\" \/><div class=\"pixel_gal_icon\"><span class=\"pixel_gal_zoom\"><a href=\"https:\/\/ps-ogrody.com.pl\/wp-content\/uploads\/2024\/06\/12132b9d-07e4-4968-a3cd-d62ff883d000.jpeg\"><i class=\"fa fa-plus\" aria-hidden=\"true\"><\/i><\/a><\/span><\/div><div class=\"pixel_gal_overlay\"><\/div><\/div><\/div>\r\n\t\t\t\t<\/div><div class=\"col-xs-12 col-sm-12 col-md-6 col-lg-3 pixel_left_padder_15 pixel_right_padder_15 pixel_btm_marger30 \"><div class=\"pixel_gal_box\">\r\n\t\t\t\t\t\t\t<div class=\"pixel_gallery_img\">\r\n\t\t\t\t\t\t\t\t<img decoding=\"async\" src=\"https:\/\/ps-ogrody.com.pl\/wp-content\/uploads\/2024\/06\/617a397c-b758-4518-94f8-e79cb7edbd59-570x570-483x483.jpeg\" alt=\"\" class=\"img-fluid\" \/><div class=\"pixel_gal_icon\"><span class=\"pixel_gal_zoom\"><a href=\"https:\/\/ps-ogrody.com.pl\/wp-content\/uploads\/2024\/06\/617a397c-b758-4518-94f8-e79cb7edbd59.jpeg\"><i class=\"fa fa-plus\" aria-hidden=\"true\"><\/i><\/a><\/span><\/div><div class=\"pixel_gal_overlay\"><\/div><\/div><\/div>\r\n\t\t\t\t<\/div><div class=\"col-xs-12 col-sm-12 col-md-6 col-lg-3 pixel_left_padder_15 pixel_right_padder_15 pixel_btm_marger30 \"><div class=\"pixel_gal_box\">\r\n\t\t\t\t\t\t\t<div class=\"pixel_gallery_img\">\r\n\t\t\t\t\t\t\t\t<img decoding=\"async\" src=\"https:\/\/ps-ogrody.com.pl\/wp-content\/uploads\/2024\/06\/8118583e-7683-47f1-a989-6636190c5da3-570x570-483x483.jpeg\" alt=\"\" class=\"img-fluid\" \/><div class=\"pixel_gal_icon\"><span class=\"pixel_gal_zoom\"><a href=\"https:\/\/ps-ogrody.com.pl\/wp-content\/uploads\/2024\/06\/8118583e-7683-47f1-a989-6636190c5da3.jpeg\"><i class=\"fa fa-plus\" aria-hidden=\"true\"><\/i><\/a><\/span><\/div><div class=\"pixel_gal_overlay\"><\/div><\/div><\/div>\r\n\t\t\t\t<\/div><div class=\"col-xs-12 col-sm-12 col-md-6 col-lg-3 pixel_left_padder_15 pixel_right_padder_15 pixel_btm_marger30 \"><div class=\"pixel_gal_box\">\r\n\t\t\t\t\t\t\t<div class=\"pixel_gallery_img\">\r\n\t\t\t\t\t\t\t\t<img decoding=\"async\" src=\"https:\/\/ps-ogrody.com.pl\/wp-content\/uploads\/2024\/06\/38a22ba1-769f-4ba0-ac25-bd1ce8e59f68-570x570-483x483.jpeg\" alt=\"\" class=\"img-fluid\" \/><div class=\"pixel_gal_icon\"><span class=\"pixel_gal_zoom\"><a href=\"https:\/\/ps-ogrody.com.pl\/wp-content\/uploads\/2024\/06\/38a22ba1-769f-4ba0-ac25-bd1ce8e59f68.jpeg\"><i class=\"fa fa-plus\" aria-hidden=\"true\"><\/i><\/a><\/span><\/div><div class=\"pixel_gal_overlay\"><\/div><\/div><\/div>\r\n\t\t\t\t<\/div><div class=\"col-xs-12 col-sm-12 col-md-6 col-lg-3 pixel_left_padder_15 pixel_right_padder_15 pixel_btm_marger30 \"><div class=\"pixel_gal_box\">\r\n\t\t\t\t\t\t\t<div class=\"pixel_gallery_img\">\r\n\t\t\t\t\t\t\t\t<img decoding=\"async\" src=\"https:\/\/ps-ogrody.com.pl\/wp-content\/uploads\/2024\/06\/076d5995-322d-4906-8c6f-db213d18754b-570x570-483x483.jpeg\" alt=\"\" class=\"img-fluid\" \/><div class=\"pixel_gal_icon\"><span class=\"pixel_gal_zoom\"><a href=\"https:\/\/ps-ogrody.com.pl\/wp-content\/uploads\/2024\/06\/076d5995-322d-4906-8c6f-db213d18754b.jpeg\"><i class=\"fa fa-plus\" aria-hidden=\"true\"><\/i><\/a><\/span><\/div><div class=\"pixel_gal_overlay\"><\/div><\/div><\/div>\r\n\t\t\t\t<\/div><\/div><\/div><div class=\"pixel_69e4ec23ceb02\"><\/div><a href=http:\/\/ps-ogrody.com.pl\/?page_id=335 class=\"pixel_button  text-capitalize pixel_69e4ec23ceb12\" ><span>Wi\u0119cej<\/span><\/a>[\/vc_column][\/vc_row][vc_row][vc_column]<div class=\"pixel_69e4ec23ceb1b\"><\/div>[\/vc_column][\/vc_row]<\/p>\n<\/div>","protected":false},"excerpt":{"rendered":"<p>[vc_row][vc_column][\/vc_column][\/vc_row][vc_row motov4_responsive=&#8221;true&#8221;][vc_column width=&#8221;1\/3&#8243;][\/vc_column][vc_column width=&#8221;2\/3&#8243; css=&#8221;.vc_custom_1716140978435{background-position: center !important;background-repeat: no-repeat !important;background-size: cover !important;}&#8221; offset=&#8221;vc_col-md-5&#8243; el_class=&#8221;text-center&#8221;][vc_column_text css=&#8221;.vc_custom_1716141334927{margin-top: 20px !important;}&#8221;] Oferujemy \u00a0kompleksowe us\u0142ugi zwi\u0105zanie.<\/p>\n","protected":false},"author":1,"featured_media":0,"parent":0,"menu_order":0,"comment_status":"closed","ping_status":"closed","template":"","meta":{"footnotes":""},"class_list":["post-397","page","type-page","status-publish","hentry"],"yoast_head":"<!-- This site is optimized with the Yoast SEO plugin v22.7 - https:\/\/yoast.com\/wordpress\/plugins\/seo\/ -->\n<title>Strona G\u0142\u00f3wna - ps-ogrody<\/title>\n<meta name=\"robots\" content=\"index, follow, max-snippet:-1, max-image-preview:large, max-video-preview:-1\" \/>\n<link rel=\"canonical\" href=\"http:\/\/ps-ogrody.com.pl\/\" \/>\n<meta property=\"og:locale\" content=\"en_US\" \/>\n<meta property=\"og:type\" content=\"article\" \/>\n<meta property=\"og:title\" content=\"Strona G\u0142\u00f3wna - ps-ogrody\" \/>\n<meta property=\"og:description\" content=\"[vc_row][vc_column][\/vc_column][\/vc_row][vc_row motov4_responsive=&#8221;true&#8221;][vc_column width=&#8221;1\/3&#8243;][\/vc_column][vc_column width=&#8221;2\/3&#8243; css=&#8221;.vc_custom_1716140978435{background-position: center !important;background-repeat: no-repeat !important;background-size: cover !important;}&#8221; offset=&#8221;vc_col-md-5&#8243; el_class=&#8221;text-center&#8221;][vc_column_text css=&#8221;.vc_custom_1716141334927{margin-top: 20px !important;}&#8221;] Oferujemy \u00a0kompleksowe us\u0142ugi zwi\u0105zanie.\" \/>\n<meta property=\"og:url\" content=\"http:\/\/ps-ogrody.com.pl\/\" \/>\n<meta property=\"og:site_name\" content=\"ps-ogrody\" \/>\n<meta property=\"article:modified_time\" content=\"2024-05-21T20:30:43+00:00\" \/>\n<meta name=\"twitter:card\" content=\"summary_large_image\" \/>\n<meta name=\"twitter:label1\" content=\"Est. reading time\" \/>\n\t<meta name=\"twitter:data1\" content=\"2 minutes\" \/>\n<script type=\"application\/ld+json\" class=\"yoast-schema-graph\">{\"@context\":\"https:\/\/schema.org\",\"@graph\":[{\"@type\":\"WebPage\",\"@id\":\"http:\/\/ps-ogrody.com.pl\/\",\"url\":\"http:\/\/ps-ogrody.com.pl\/\",\"name\":\"Strona G\u0142\u00f3wna - ps-ogrody\",\"isPartOf\":{\"@id\":\"http:\/\/ps-ogrody.com.pl\/#website\"},\"datePublished\":\"2019-05-24T04:29:39+00:00\",\"dateModified\":\"2024-05-21T20:30:43+00:00\",\"breadcrumb\":{\"@id\":\"http:\/\/ps-ogrody.com.pl\/#breadcrumb\"},\"inLanguage\":\"en-US\",\"potentialAction\":[{\"@type\":\"ReadAction\",\"target\":[\"http:\/\/ps-ogrody.com.pl\/\"]}]},{\"@type\":\"BreadcrumbList\",\"@id\":\"http:\/\/ps-ogrody.com.pl\/#breadcrumb\",\"itemListElement\":[{\"@type\":\"ListItem\",\"position\":1,\"name\":\"Strona g\u0142\u00f3wna\",\"item\":\"http:\/\/ps-ogrody.com.pl\/\"},{\"@type\":\"ListItem\",\"position\":2,\"name\":\"Strona G\u0142\u00f3wna\"}]},{\"@type\":\"WebSite\",\"@id\":\"http:\/\/ps-ogrody.com.pl\/#website\",\"url\":\"http:\/\/ps-ogrody.com.pl\/\",\"name\":\"ps-ogrody\",\"description\":\"\",\"potentialAction\":[{\"@type\":\"SearchAction\",\"target\":{\"@type\":\"EntryPoint\",\"urlTemplate\":\"http:\/\/ps-ogrody.com.pl\/?s={search_term_string}\"},\"query-input\":\"required name=search_term_string\"}],\"inLanguage\":\"en-US\"}]}<\/script>\n<!-- \/ Yoast SEO plugin. -->","yoast_head_json":{"title":"Strona G\u0142\u00f3wna - ps-ogrody","robots":{"index":"index","follow":"follow","max-snippet":"max-snippet:-1","max-image-preview":"max-image-preview:large","max-video-preview":"max-video-preview:-1"},"canonical":"http:\/\/ps-ogrody.com.pl\/","og_locale":"en_US","og_type":"article","og_title":"Strona G\u0142\u00f3wna - ps-ogrody","og_description":"[vc_row][vc_column][\/vc_column][\/vc_row][vc_row motov4_responsive=&#8221;true&#8221;][vc_column width=&#8221;1\/3&#8243;][\/vc_column][vc_column width=&#8221;2\/3&#8243; css=&#8221;.vc_custom_1716140978435{background-position: center !important;background-repeat: no-repeat !important;background-size: cover !important;}&#8221; offset=&#8221;vc_col-md-5&#8243; el_class=&#8221;text-center&#8221;][vc_column_text css=&#8221;.vc_custom_1716141334927{margin-top: 20px !important;}&#8221;] Oferujemy \u00a0kompleksowe us\u0142ugi zwi\u0105zanie.","og_url":"http:\/\/ps-ogrody.com.pl\/","og_site_name":"ps-ogrody","article_modified_time":"2024-05-21T20:30:43+00:00","twitter_card":"summary_large_image","twitter_misc":{"Est. reading time":"2 minutes"},"schema":{"@context":"https:\/\/schema.org","@graph":[{"@type":"WebPage","@id":"http:\/\/ps-ogrody.com.pl\/","url":"http:\/\/ps-ogrody.com.pl\/","name":"Strona G\u0142\u00f3wna - ps-ogrody","isPartOf":{"@id":"http:\/\/ps-ogrody.com.pl\/#website"},"datePublished":"2019-05-24T04:29:39+00:00","dateModified":"2024-05-21T20:30:43+00:00","breadcrumb":{"@id":"http:\/\/ps-ogrody.com.pl\/#breadcrumb"},"inLanguage":"en-US","potentialAction":[{"@type":"ReadAction","target":["http:\/\/ps-ogrody.com.pl\/"]}]},{"@type":"BreadcrumbList","@id":"http:\/\/ps-ogrody.com.pl\/#breadcrumb","itemListElement":[{"@type":"ListItem","position":1,"name":"Strona g\u0142\u00f3wna","item":"http:\/\/ps-ogrody.com.pl\/"},{"@type":"ListItem","position":2,"name":"Strona G\u0142\u00f3wna"}]},{"@type":"WebSite","@id":"http:\/\/ps-ogrody.com.pl\/#website","url":"http:\/\/ps-ogrody.com.pl\/","name":"ps-ogrody","description":"","potentialAction":[{"@type":"SearchAction","target":{"@type":"EntryPoint","urlTemplate":"http:\/\/ps-ogrody.com.pl\/?s={search_term_string}"},"query-input":"required name=search_term_string"}],"inLanguage":"en-US"}]}},"_links":{"self":[{"href":"https:\/\/ps-ogrody.com.pl\/index.php?rest_route=\/wp\/v2\/pages\/397","targetHints":{"allow":["GET"]}}],"collection":[{"href":"https:\/\/ps-ogrody.com.pl\/index.php?rest_route=\/wp\/v2\/pages"}],"about":[{"href":"https:\/\/ps-ogrody.com.pl\/index.php?rest_route=\/wp\/v2\/types\/page"}],"author":[{"embeddable":true,"href":"https:\/\/ps-ogrody.com.pl\/index.php?rest_route=\/wp\/v2\/users\/1"}],"replies":[{"embeddable":true,"href":"https:\/\/ps-ogrody.com.pl\/index.php?rest_route=%2Fwp%2Fv2%2Fcomments&post=397"}],"version-history":[{"count":93,"href":"https:\/\/ps-ogrody.com.pl\/index.php?rest_route=\/wp\/v2\/pages\/397\/revisions"}],"predecessor-version":[{"id":777,"href":"https:\/\/ps-ogrody.com.pl\/index.php?rest_route=\/wp\/v2\/pages\/397\/revisions\/777"}],"wp:attachment":[{"href":"https:\/\/ps-ogrody.com.pl\/index.php?rest_route=%2Fwp%2Fv2%2Fmedia&parent=397"}],"curies":[{"name":"wp","href":"https:\/\/api.w.org\/{rel}","templated":true}]}}